{"id":356,"date":"2019-06-19T12:28:58","date_gmt":"2019-06-19T15:28:58","guid":{"rendered":"\/\/cloud.r9.cl\/gerdau\/?page_id=356"},"modified":"2022-12-19T13:02:24","modified_gmt":"2022-12-19T16:02:24","slug":"meteorologia","status":"publish","type":"page","link":"https:\/\/aza.r9.cl\/aza\/?page_id=356","title":{"rendered":"Meteorologia"},"content":{"rendered":"<section class=\"l-section wpb_row height_auto color_custom\" style=\"background-color: #175199; color: #ffffff;\"><div class=\"l-section-h i-cf\" style=\"padding-top: 10px !important;padding-bottom: 10px !important;\"><div class=\"g-cols vc_row type_default valign_top\"><div class=\"vc_col-sm-12 wpb_column vc_column_container\"><div class=\"vc_column-inner\"><div class=\"wpb_wrapper\">[vc_custom_heading text=&#8221;Meteorolog\u00eda&#8221; font_container=&#8221;tag:h3|text_align:left&#8221; google_fonts=&#8221;font_family:Roboto%3A100%2C100italic%2C300%2C300italic%2Cregular%2Citalic%2C500%2C500italic%2C700%2C700italic%2C900%2C900italic|font_style:300%20light%20regular%3A300%3Anormal&#8221;]<\/div><\/div><\/div><\/div><\/div><\/section><section class=\"l-section wpb_row height_small\"><div class=\"l-section-h i-cf\"><div class=\"g-cols vc_row type_default valign_top\"><div class=\"vc_col-sm-12 wpb_column vc_column_container\"><div class=\"vc_column-inner\"><div class=\"wpb_wrapper\">\r\n\t<div class=\"wpb_text_column \">\r\n\t\t<div class=\"wpb_wrapper\">\r\n\t\t\t<p>Los registros mostrados son datos no validados, por lo tanto, puede estar afectos a cambios. Factores externos como el mantenimiento de los equipos, la falta de energ\u00eda o humos de incendios en las cercan\u00edas a las estaciones pueden representar datos anormales que lleven al p\u00fablico a tener una idea err\u00f3nea de las concentraciones medidas por los instrumentos de medici\u00f3n.<\/p>\n\r\n\t\t<\/div>\r\n\t<\/div>\r\n[vc_raw_html]JTNDaWZyYW1lJTIwc3JjJTNEJTIyYXphLWFwcHMlMkZhcHViJTJGJTNGcmVkJTNEQVpBJTI2c2VjY2lvbiUzRG1ldGVvcm9sb2dpYSUyMiUyMHN0eWxlJTNEJTIyd2lkdGglM0ExMDAlMjUlM0JoZWlnaHQlM0E2MDBweCUyMiUzQiUzRSUzQyUyRmlmcmFtZSUzRQ==[\/vc_raw_html]<\/div><\/div><\/div><\/div><\/div><\/section>\n","protected":false},"excerpt":{"rendered":"[vc_custom_heading text=\"Meteorolog\u00eda\" font_container=\"tag:h3|text_align:left\" google_fonts=\"font_family:Roboto%3A100%2C100italic%2C300%2C300italic%2Cregular%2Citalic%2C500%2C500italic%2C700%2C700italic%2C900%2C900italic|font_style:300%20light%20regular%3A300%3Anormal\"] Los registros mostrados son datos no validados, por lo tanto, puede estar afectos a cambios. Factores externos como el mantenimiento de los equipos, la falta de energ\u00eda o humos de incendios en las cercan\u00edas a las estaciones pueden representar datos anormales que lleven al p\u00fablico a tener una idea err\u00f3nea de...","protected":false},"author":1,"featured_media":0,"parent":0,"menu_order":0,"comment_status":"closed","ping_status":"closed","template":"","meta":[],"_links":{"self":[{"href":"https:\/\/aza.r9.cl\/aza\/index.php?rest_route=\/wp\/v2\/pages\/356"}],"collection":[{"href":"https:\/\/aza.r9.cl\/aza\/index.php?rest_route=\/wp\/v2\/pages"}],"about":[{"href":"https:\/\/aza.r9.cl\/aza\/index.php?rest_route=\/wp\/v2\/types\/page"}],"author":[{"embeddable":true,"href":"https:\/\/aza.r9.cl\/aza\/index.php?rest_route=\/wp\/v2\/users\/1"}],"replies":[{"embeddable":true,"href":"https:\/\/aza.r9.cl\/aza\/index.php?rest_route=%2Fwp%2Fv2%2Fcomments&post=356"}],"version-history":[{"count":11,"href":"https:\/\/aza.r9.cl\/aza\/index.php?rest_route=\/wp\/v2\/pages\/356\/revisions"}],"predecessor-version":[{"id":472,"href":"https:\/\/aza.r9.cl\/aza\/index.php?rest_route=\/wp\/v2\/pages\/356\/revisions\/472"}],"wp:attachment":[{"href":"https:\/\/aza.r9.cl\/aza\/index.php?rest_route=%2Fwp%2Fv2%2Fmedia&parent=356"}],"curies":[{"name":"wp","href":"https:\/\/api.w.org\/{rel}","templated":true}]}}